{"id":35232,"date":"2021-07-17T16:02:11","date_gmt":"2021-07-17T21:02:11","guid":{"rendered":"https:\/\/rbqcompetence.ca\/general-contractor-1-4-training-2\/"},"modified":"2025-02-08T12:51:49","modified_gmt":"2025-02-08T17:51:49","slug":"general-contractor-1-4-training","status":"publish","type":"page","link":"https:\/\/rbqcompetence.ca\/en\/general-contractor-1-4-training\/","title":{"rendered":"General Contractor 1.4 Training"},"content":{"rendered":"\t\t<div data-elementor-type=\"wp-page\" data-elementor-id=\"35232\" class=\"elementor elementor-35232 elementor-29238\" data-elementor-post-type=\"page\">\n\t\t\t\t\t\t<section class=\"elementor-section elementor-top-section elementor-element elementor-element-a70e5bc elementor-section-boxed elementor-section-height-default elementor-section-height-default\" data-id=\"a70e5bc\" data-element_type=\"section\" data-settings=\"{&quot;background_background&quot;:&quot;classic&quot;}\">\n\t\t\t\t\t\t<div class=\"elementor-container elementor-column-gap-default\">\n\t\t\t\t\t<div class=\"elementor-column elementor-col-100 elementor-top-column elementor-element elementor-element-6c6f05c1\" data-id=\"6c6f05c1\" data-element_type=\"column\">\n\t\t\t<div class=\"elementor-widget-wrap elementor-element-populated\">\n\t\t\t\t\t\t<div class=\"elementor-element elementor-element-23e715de elementor-widget elementor-widget-html\" data-id=\"23e715de\" data-element_type=\"widget\" data-widget_type=\"html.default\">\n\t\t\t\t<div class=\"elementor-widget-container\">\n\t\t\t\t\t<div class=\"all-tt\">\r\n    <div class=\"tt1\"><div class=\"oth1\">Training<\/div><\/div>\r\n     <div class=\"tt2\">> General Contractor 1.4<\/div>\r\n     <div class=\"ligne\"><\/div>\r\n<\/div>\t\t\t\t<\/div>\n\t\t\t\t<\/div>\n\t\t\t\t\t<\/div>\n\t\t<\/div>\n\t\t\t\t\t<\/div>\n\t\t<\/section>\n\t\t\t\t<section class=\"elementor-section elementor-top-section elementor-element elementor-element-e9c500c elementor-section-boxed elementor-section-height-default elementor-section-height-default\" data-id=\"e9c500c\" data-element_type=\"section\" data-settings=\"{&quot;background_background&quot;:&quot;classic&quot;}\">\n\t\t\t\t\t\t<div class=\"elementor-container elementor-column-gap-default\">\n\t\t\t\t\t<div class=\"elementor-column elementor-col-100 elementor-top-column elementor-element elementor-element-6a412e9\" data-id=\"6a412e9\" data-element_type=\"column\">\n\t\t\t<div class=\"elementor-widget-wrap elementor-element-populated\">\n\t\t\t\t\t\t<div class=\"elementor-element elementor-element-ad49207 sur-tt elementor-widget elementor-widget-heading\" data-id=\"ad49207\" data-element_type=\"widget\" data-widget_type=\"heading.default\">\n\t\t\t\t<div class=\"elementor-widget-container\">\n\t\t\t\t\t<div class=\"elementor-heading-title elementor-size-default\">4 areas of Qualification<\/div>\t\t\t\t<\/div>\n\t\t\t\t<\/div>\n\t\t\t\t<div class=\"elementor-element elementor-element-9a8c9c7 elementor-widget elementor-widget-heading\" data-id=\"9a8c9c7\" data-element_type=\"widget\" data-widget_type=\"heading.default\">\n\t\t\t\t<div class=\"elementor-widget-container\">\n\t\t\t\t\t<h1 class=\"elementor-heading-title elementor-size-default\">Information on the General Contractor 1.4 RBQ License<\/h1>\t\t\t\t<\/div>\n\t\t\t\t<\/div>\n\t\t\t\t<div class=\"elementor-element elementor-element-fa9e248 elementor-widget elementor-widget-html\" data-id=\"fa9e248\" data-element_type=\"widget\" data-widget_type=\"html.default\">\n\t\t\t\t<div class=\"elementor-widget-container\">\n\t\t\t\t\t<div class=\"separatorline\" style=\"margin: 12px auto 26px;width:26%;\"><\/div>\t\t\t\t<\/div>\n\t\t\t\t<\/div>\n\t\t\t\t<div class=\"elementor-element elementor-element-118f55d elementor-widget elementor-widget-text-editor\" data-id=\"118f55d\" data-element_type=\"widget\" data-widget_type=\"text-editor.default\">\n\t\t\t\t<div class=\"elementor-widget-container\">\n\t\t\t\t\t\t\t\t\t<p><span class=\"emptt\">O<\/span>ur training for General Contractor <b>1.4<\/b> couvers the 4 areas of qualification required by the R\u00e9gie du b\u00e2timent; <a href=\"\/en\/administration-training\/\"><strong>Administration<\/strong><\/a>, <a href=\"\/en\/project-management-training\/\"><strong>Project Management<\/strong><\/a>, <a href=\"\/en\/safety-management-training\/\"><strong>Safety Management<\/strong><\/a> and <strong>Ex\u00e9cution des travaux en Routes et Canalisation <\/strong><em><span style=\"text-decoration: underline;\"><strong><span style=\"color: #0000ff;\"><i>(The 1.4 module is offered online and in French only)<\/i><\/span><\/strong><\/span><\/em>, to complete a license application from the following subclass of Schedule I; 1.4.  This subclass authorizes construction work concerning roads and public roads, sewers, aqueducts, pipelines, railway works and tunnels.<\/p>\n<h2 class=\"tth2-form\"><span style=\"font-size: 22px; font-family: Roboto; font-style: normal;\">Purpose of exam 1.4<\/span><\/h2>\n<div class=\"separator-redline\" style=\"margin: 0px auto 20px; width: 20%;\"><\/div>\n<p><strong>Duration<\/strong> : 3 h 00<\/p>\n<p><strong>Passing Grad<\/strong> : 60%<\/p>\n<p><strong>Language Offered<\/strong> : <em><strong>English<\/strong><\/em> for module; Administration, Safety and Project Management.  <em><strong>French<\/strong><\/em> for the 1.4 exam.<\/p>\n<p><strong>Type of Exam<\/strong> : Multiple choice<\/p>\n<p>En conformit\u00e9 avec la Charte de la langue fran\u00e7aise, les documents disponibles en fran\u00e7ais seulement dans le milieu professionnel seront fournis en fran\u00e7ais lors de l\u2019examen, et ce, peu importe la langue de passation choisie pour cette examen uniquement.<\/p>\n<p>In accordance with the Charter of the French language, documents available in French only in the professional environment will be provided in French during the exam, regardless of the writing language chosen for this exam only.<\/p>\n\t\t\t\t\t\t\t\t<\/div>\n\t\t\t\t<\/div>\n\t\t\t\t\t<\/div>\n\t\t<\/div>\n\t\t\t\t\t<\/div>\n\t\t<\/section>\n\t\t\t\t<section class=\"elementor-section elementor-top-section elementor-element elementor-element-a657eb7 elementor-section-full_width elementor-section-height-min-height elementor-section-content-middle elementor-section-height-default elementor-section-items-middle\" data-id=\"a657eb7\" data-element_type=\"section\" data-settings=\"{&quot;background_background&quot;:&quot;classic&quot;}\">\n\t\t\t\t\t\t<div class=\"elementor-container elementor-column-gap-default\">\n\t\t\t\t\t<div class=\"elementor-column elementor-col-100 elementor-top-column elementor-element elementor-element-a9c2dcc\" data-id=\"a9c2dcc\" data-element_type=\"column\">\n\t\t\t<div class=\"elementor-widget-wrap\">\n\t\t\t\t\t\t\t<\/div>\n\t\t<\/div>\n\t\t\t\t\t<\/div>\n\t\t<\/section>\n\t\t\t\t<section class=\"elementor-section elementor-top-section elementor-element elementor-element-10c5373 elementor-section-boxed elementor-section-height-default elementor-section-height-default\" data-id=\"10c5373\" data-element_type=\"section\" data-settings=\"{&quot;background_background&quot;:&quot;classic&quot;}\">\n\t\t\t\t\t\t<div class=\"elementor-container elementor-column-gap-default\">\n\t\t\t\t\t<div class=\"elementor-column elementor-col-100 elementor-top-column elementor-element elementor-element-97aa4b0\" data-id=\"97aa4b0\" data-element_type=\"column\">\n\t\t\t<div class=\"elementor-widget-wrap elementor-element-populated\">\n\t\t\t\t\t\t<div class=\"elementor-element elementor-element-e693ce0 sur-tt elementor-widget elementor-widget-heading\" data-id=\"e693ce0\" data-element_type=\"widget\" data-widget_type=\"heading.default\">\n\t\t\t\t<div class=\"elementor-widget-container\">\n\t\t\t\t\t<div class=\"elementor-heading-title elementor-size-default\"><br><br>General Contractor 1.4<\/div>\t\t\t\t<\/div>\n\t\t\t\t<\/div>\n\t\t\t\t<div class=\"elementor-element elementor-element-dc7e8c0 elementor-widget elementor-widget-heading\" data-id=\"dc7e8c0\" data-element_type=\"widget\" data-widget_type=\"heading.default\">\n\t\t\t\t<div class=\"elementor-widget-container\">\n\t\t\t\t\t<h2 class=\"elementor-heading-title elementor-size-default\">Our training in detail <\/h2>\t\t\t\t<\/div>\n\t\t\t\t<\/div>\n\t\t\t\t<div class=\"elementor-element elementor-element-f7e5227 elementor-widget elementor-widget-html\" data-id=\"f7e5227\" data-element_type=\"widget\" data-widget_type=\"html.default\">\n\t\t\t\t<div class=\"elementor-widget-container\">\n\t\t\t\t\t<div class=\"separatorline\" style=\"margin: 12px auto 26px;width:26%;\"><\/div>\t\t\t\t<\/div>\n\t\t\t\t<\/div>\n\t\t\t\t<div class=\"elementor-element elementor-element-0859306 elementor-widget elementor-widget-text-editor\" data-id=\"0859306\" data-element_type=\"widget\" data-widget_type=\"text-editor.default\">\n\t\t\t\t<div class=\"elementor-widget-container\">\n\t\t\t\t\t\t\t\t\t<p><span class=\"emptt\">O<\/span>ur preparatory training for mandatory examinations for a general contractor&#8217;s <strong>1.4<\/strong> license from the RBQ is available in a <strong>Guide<\/strong> or <strong>Online<\/strong> version. If you opt for the online version, you will have <strong>unlimited access<\/strong> to the training, <strong>24h \/ 7<\/strong> and an interactive preparatory examination to resume at will. The two training options give you the chance to study in the comfort of your home, to have access to <strong>up-to-date and corrected<\/strong> <strong>content<\/strong> according to the modifications made by the RBQ, to benefit <strong>support service by phone<\/strong> until the obtaining your license and the <strong>turnkey service<\/strong> for your registration and departure in business. In the event of bankruptcy or criminal record, we will be able to evaluate your situation, in complete confidentiality, in order to know if you are eligible for a license application.<\/p><p>Our courses include a <strong>Study<\/strong> component of the concepts specifically required by the R\u00e9gie du b\u00e2timent as well as an <strong>Examination<\/strong> component comprising questions similar to those proposed at the exams of the Regie, notions of calculations, points of laws, and regulations. All information, explanations and calculation development necessary for a good understanding of the notions of study is also provided.<\/p><p>The R\u00e9gie requires, for the purpose of obtaining a license, that the candidate be <strong>18 years of age or over<\/strong> at the time of writing the examinations.<\/p><p><strong>Choice of Training<\/strong>: Online or with Study Guides<\/p><p><b>Training for module 1.4<\/b> : <strong><span style=\"color: #91003e;\"><i>Offered online and in French only<\/i><\/span><\/strong><\/p><p><strong>Choice of Language<\/strong>: English or French<\/p><p><strong>Online Access<\/strong>: 24h \/ 7<\/p><p><strong>Suppor<\/strong><strong>t<\/strong>: by Phone or Email, from purchase to license<\/p><p><strong>Training hours<\/strong>: 130 hours<\/p><p><strong>Success Rate<\/strong>: 100%<\/p><p>These exams are <strong>mandatory<\/strong> and required for the General Contractor <strong>1.4<\/strong> license application from the R\u00e9gie du b\u00e2timent and covers the following subclasses of license from <strong>Schedule I<\/strong>:<\/p><p><strong>1.4.<\/strong> <strong>Contractor in Roads and Mains<br \/><\/strong><\/p><p style=\"padding-left: 40px;\">Also authorizes construction work included in the following subclasses of Schedule II:<\/p><p style=\"padding-left: 40px;\">(<em>when work is related to a civil engineering work<\/em>)<\/p><p style=\"padding-left: 40px;\"><strong>3.1 <\/strong>Contractor &#8211; Concrete structures<\/p><p style=\"padding-left: 40px;\"><strong>4.1<\/strong> Contractor &#8211; Masonry structures<\/p><p style=\"padding-left: 40px;\"><strong>5.1 <\/strong>Contractor &#8211; Metallic structures and prefabricated concete elements<\/p><p style=\"padding-left: 40px;\"><strong>6.1<\/strong> Contractor &#8211; Wood structures<\/p><p style=\"padding-left: 40px;\">This subclass authorizes contruction work included in subclass 1.6.<\/p><p style=\"padding-left: 40px;\">But only to have them executed when they relate to a civil engineering work referred to in this subclass.<\/p><h6>\u00a0<\/h6><p>Also covers the following subclasses of license from <strong>Schedule III<\/strong>:<\/p><p style=\"padding-left: 40px;\"><strong>2.5<\/strong> Excavation and earthwork<\/p><p style=\"padding-left: 40px;\"><strong>2.7<\/strong> Sitework<\/p><p style=\"padding-left: 40px;\"><strong>3.2<\/strong> Small concrete works<\/p><p style=\"padding-left: 40px;\"><strong>4.2<\/strong> Non-structural masonry, marble and ceramics<\/p><p style=\"padding-left: 40px;\"><strong>5.2<\/strong> Metal fabrication<\/p><p style=\"padding-left: 40px;\"><strong>6.2<\/strong> Wood and plastic work<\/p><p style=\"padding-left: 40px;\"><strong>7.0<\/strong> Insulation, waterproofing, roofing and siding<\/p><p style=\"padding-left: 40px;\"><strong>8.0<\/strong> Doors and windows<\/p><p style=\"padding-left: 40px;\"><strong>9.0<\/strong> Interior finishing<\/p><p style=\"padding-left: 40px;\"><strong>11.2<\/strong> Special equipment and products<\/p><p style=\"padding-left: 40px;\"><strong>12.0<\/strong> Manufactured cabinets and counter tops<\/p><p style=\"padding-left: 40px;\"><strong>13.5<\/strong> Prefabricated or special installations<\/p><p style=\"padding-left: 40px;\"><strong>17.2<\/strong> Intercommunications, telephone and surveillance<\/p>\t\t\t\t\t\t\t\t<\/div>\n\t\t\t\t<\/div>\n\t\t\t\t\t<\/div>\n\t\t<\/div>\n\t\t\t\t\t<\/div>\n\t\t<\/section>\n\t\t\t\t<section class=\"elementor-section elementor-top-section elementor-element elementor-element-3664af4 elementor-section-boxed elementor-section-height-default elementor-section-height-default\" data-id=\"3664af4\" data-element_type=\"section\">\n\t\t\t\t\t\t<div class=\"elementor-container elementor-column-gap-default\">\n\t\t\t\t\t<div class=\"elementor-column elementor-col-100 elementor-top-column elementor-element elementor-element-8362e95\" data-id=\"8362e95\" data-element_type=\"column\">\n\t\t\t<div class=\"elementor-widget-wrap elementor-element-populated\">\n\t\t\t\t\t\t<div class=\"elementor-element elementor-element-e3661f4 elementor-widget elementor-widget-text-editor\" data-id=\"e3661f4\" data-element_type=\"widget\" data-widget_type=\"text-editor.default\">\n\t\t\t\t<div class=\"elementor-widget-container\">\n\t\t\t\t\t\t\t\t\t<p style=\"text-align: center;\">\u00a0<\/p>\n<p style=\"text-align: center;\">For more information, do not hesitate <a href=\"https:\/\/rbqcompetence.ca\/en\/contact-us\/\"><strong>to<\/strong> <strong>contact us<\/strong><\/a>.\u00a0 It will be a pleasure to serve you!<\/p>\n\t\t\t\t\t\t\t\t<\/div>\n\t\t\t\t<\/div>\n\t\t\t\t\t<\/div>\n\t\t<\/div>\n\t\t\t\t\t<\/div>\n\t\t<\/section>\n\t\t\t\t<section class=\"elementor-section elementor-top-section elementor-element elementor-element-5a47e880 elementor-section-boxed elementor-section-height-default elementor-section-height-default\" data-id=\"5a47e880\" data-element_type=\"section\">\n\t\t\t\t\t\t<div class=\"elementor-container elementor-column-gap-default\">\n\t\t\t\t\t<div class=\"elementor-column elementor-col-33 elementor-top-column elementor-element elementor-element-2fe5be9f\" data-id=\"2fe5be9f\" data-element_type=\"column\">\n\t\t\t<div class=\"elementor-widget-wrap elementor-element-populated\">\n\t\t\t\t\t\t<div class=\"elementor-element elementor-element-1b94cc7d elementor-widget elementor-widget-spacer\" data-id=\"1b94cc7d\" data-element_type=\"widget\" data-widget_type=\"spacer.default\">\n\t\t\t\t<div class=\"elementor-widget-container\">\n\t\t\t\t\t\t\t<div class=\"elementor-spacer\">\n\t\t\t<div class=\"elementor-spacer-inner\"><\/div>\n\t\t<\/div>\n\t\t\t\t\t\t<\/div>\n\t\t\t\t<\/div>\n\t\t\t\t<div class=\"elementor-element elementor-element-1dfa9aae elementor-align-center elementor-widget elementor-widget-button\" data-id=\"1dfa9aae\" data-element_type=\"widget\" data-widget_type=\"button.default\">\n\t\t\t\t<div class=\"elementor-widget-container\">\n\t\t\t\t\t\t\t\t\t<div class=\"elementor-button-wrapper\">\n\t\t\t\t\t<a class=\"elementor-button elementor-button-link elementor-size-sm\" href=\"https:\/\/rbqcompetence.ca\/en\/trainings\/\">\n\t\t\t\t\t\t<span class=\"elementor-button-content-wrapper\">\n\t\t\t\t\t\t<span class=\"elementor-button-icon\">\n\t\t\t\t<i aria-hidden=\"true\" class=\"far fa-arrow-alt-circle-left\"><\/i>\t\t\t<\/span>\n\t\t\t\t\t\t\t\t\t<span class=\"elementor-button-text\">All our Training <\/span>\n\t\t\t\t\t<\/span>\n\t\t\t\t\t<\/a>\n\t\t\t\t<\/div>\n\t\t\t\t\t\t\t\t<\/div>\n\t\t\t\t<\/div>\n\t\t\t\t\t<\/div>\n\t\t<\/div>\n\t\t\t\t<div class=\"elementor-column elementor-col-33 elementor-top-column elementor-element elementor-element-1486b800\" data-id=\"1486b800\" data-element_type=\"column\">\n\t\t\t<div class=\"elementor-widget-wrap elementor-element-populated\">\n\t\t\t\t\t\t<div class=\"elementor-element elementor-element-4ff178f4 elementor-widget elementor-widget-heading\" data-id=\"4ff178f4\" data-element_type=\"widget\" data-widget_type=\"heading.default\">\n\t\t\t\t<div class=\"elementor-widget-container\">\n\t\t\t\t\t<div class=\"elementor-heading-title elementor-size-default\">Online : <span class=\"rouge-b\">$ 1,085<\/span><\/div>\t\t\t\t<\/div>\n\t\t\t\t<\/div>\n\t\t\t\t<div class=\"elementor-element elementor-element-93a57ea elementor-align-center elementor-widget elementor-widget-button\" data-id=\"93a57ea\" data-element_type=\"widget\" data-widget_type=\"button.default\">\n\t\t\t\t<div class=\"elementor-widget-container\">\n\t\t\t\t\t\t\t\t\t<div class=\"elementor-button-wrapper\">\n\t\t\t\t\t<a class=\"elementor-button elementor-button-link elementor-size-md\" href=\"https:\/\/rbqcompetence.com\/boutique\/formation-en-ligne\/formation-entrepreneur-general-1-4\/\" rel=\"noopener\">\n\t\t\t\t\t\t<span class=\"elementor-button-content-wrapper\">\n\t\t\t\t\t\t<span class=\"elementor-button-icon\">\n\t\t\t\t<i aria-hidden=\"true\" class=\"fas fa-shopping-cart\"><\/i>\t\t\t<\/span>\n\t\t\t\t\t\t\t\t\t<span class=\"elementor-button-text\">SHOP<\/span>\n\t\t\t\t\t<\/span>\n\t\t\t\t\t<\/a>\n\t\t\t\t<\/div>\n\t\t\t\t\t\t\t\t<\/div>\n\t\t\t\t<\/div>\n\t\t\t\t\t<\/div>\n\t\t<\/div>\n\t\t\t\t<div class=\"elementor-column elementor-col-33 elementor-top-column elementor-element elementor-element-338a4fe8\" data-id=\"338a4fe8\" data-element_type=\"column\">\n\t\t\t<div class=\"elementor-widget-wrap elementor-element-populated\">\n\t\t\t\t\t\t<div class=\"elementor-element elementor-element-755103bc elementor-widget elementor-widget-heading\" data-id=\"755103bc\" data-element_type=\"widget\" data-widget_type=\"heading.default\">\n\t\t\t\t<div class=\"elementor-widget-container\">\n\t\t\t\t\t<div class=\"elementor-heading-title elementor-size-default\">Study Guides : <span class=\"rouge-b\">$ 1,310<\/span><\/div>\t\t\t\t<\/div>\n\t\t\t\t<\/div>\n\t\t\t\t<div class=\"elementor-element elementor-element-3c993ccd elementor-align-center elementor-widget elementor-widget-button\" data-id=\"3c993ccd\" data-element_type=\"widget\" data-widget_type=\"button.default\">\n\t\t\t\t<div class=\"elementor-widget-container\">\n\t\t\t\t\t\t\t\t\t<div class=\"elementor-button-wrapper\">\n\t\t\t\t\t<a class=\"elementor-button elementor-button-link elementor-size-md\" href=\"https:\/\/rbqcompetence.com\/boutique\/guide-detude\/guides-entrepreneur-general-1-4\/\" rel=\"noopener\">\n\t\t\t\t\t\t<span class=\"elementor-button-content-wrapper\">\n\t\t\t\t\t\t<span class=\"elementor-button-icon\">\n\t\t\t\t<i aria-hidden=\"true\" class=\"fas fa-shopping-cart\"><\/i>\t\t\t<\/span>\n\t\t\t\t\t\t\t\t\t<span class=\"elementor-button-text\">SHOP<\/span>\n\t\t\t\t\t<\/span>\n\t\t\t\t\t<\/a>\n\t\t\t\t<\/div>\n\t\t\t\t\t\t\t\t<\/div>\n\t\t\t\t<\/div>\n\t\t\t\t\t<\/div>\n\t\t<\/div>\n\t\t\t\t\t<\/div>\n\t\t<\/section>\n\t\t\t\t<\/div>\n\t\t","protected":false},"excerpt":{"rendered":"<p>Training > General Contractor 1.4 4 areas of Qualification Information on the General Contractor 1.4 RBQ License Our training for General Contractor 1.4 couvers the 4 areas of qualification required by the R\u00e9gie du b\u00e2timent; Administration, Project Management, Safety Management and Ex\u00e9cution des travaux en Routes et Canalisation (The 1.4 module is offered online and [&hellip;]<\/p>\n","protected":false},"author":2,"featured_media":0,"parent":0,"menu_order":0,"comment_status":"closed","ping_status":"closed","template":"","meta":{"site-sidebar-layout":"no-sidebar","site-content-layout":"page-builder","ast-site-content-layout":"full-width-container","site-content-style":"unboxed","site-sidebar-style":"unboxed","ast-global-header-display":"","ast-banner-title-visibility":"","ast-main-header-display":"","ast-hfb-above-header-display":"","ast-hfb-below-header-display":"","ast-hfb-mobile-header-display":"","site-post-title":"disabled","ast-breadcrumbs-content":"","ast-featured-img":"disabled","footer-sml-layout":"","theme-transparent-header-meta":"default","adv-header-id-meta":"","stick-header-meta":"","header-above-stick-meta":"","header-main-stick-meta":"","header-below-stick-meta":"","astra-migrate-meta-layouts":"set","ast-page-background-enabled":"default","ast-page-background-meta":{"desktop":{"background-color":"","background-image":"","background-repeat":"repeat","background-position":"center center","background-size":"auto","background-attachment":"scroll","background-type":"","background-media":"","overlay-type":"","overlay-color":"","overlay-opacity":"","overlay-gradient":""},"tablet":{"background-color":"","background-image":"","background-repeat":"repeat","background-position":"center center","background-size":"auto","background-attachment":"scroll","background-type":"","background-media":"","overlay-type":"","overlay-color":"","overlay-opacity":"","overlay-gradient":""},"mobile":{"background-color":"","background-image":"","background-repeat":"repeat","background-position":"center center","background-size":"auto","background-attachment":"scroll","background-type":"","background-media":"","overlay-type":"","overlay-color":"","overlay-opacity":"","overlay-gradient":""}},"ast-content-background-meta":{"desktop":{"background-color":"var(--ast-global-color-5)","background-image":"","background-repeat":"repeat","background-position":"center center","background-size":"auto","background-attachment":"scroll","background-type":"","background-media":"","overlay-type":"","overlay-color":"","overlay-opacity":"","overlay-gradient":""},"tablet":{"background-color":"var(--ast-global-color-5)","background-image":"","background-repeat":"repeat","background-position":"center center","background-size":"auto","background-attachment":"scroll","background-type":"","background-media":"","overlay-type":"","overlay-color":"","overlay-opacity":"","overlay-gradient":""},"mobile":{"background-color":"var(--ast-global-color-5)","background-image":"","background-repeat":"repeat","background-position":"center center","background-size":"auto","background-attachment":"scroll","background-type":"","background-media":"","overlay-type":"","overlay-color":"","overlay-opacity":"","overlay-gradient":""}},"footnotes":""},"class_list":["post-35232","page","type-page","status-publish","hentry"],"_links":{"self":[{"href":"https:\/\/rbqcompetence.ca\/en\/wp-json\/wp\/v2\/pages\/35232","targetHints":{"allow":["GET"]}}],"collection":[{"href":"https:\/\/rbqcompetence.ca\/en\/wp-json\/wp\/v2\/pages"}],"about":[{"href":"https:\/\/rbqcompetence.ca\/en\/wp-json\/wp\/v2\/types\/page"}],"author":[{"embeddable":true,"href":"https:\/\/rbqcompetence.ca\/en\/wp-json\/wp\/v2\/users\/2"}],"replies":[{"embeddable":true,"href":"https:\/\/rbqcompetence.ca\/en\/wp-json\/wp\/v2\/comments?post=35232"}],"version-history":[{"count":3,"href":"https:\/\/rbqcompetence.ca\/en\/wp-json\/wp\/v2\/pages\/35232\/revisions"}],"predecessor-version":[{"id":70512,"href":"https:\/\/rbqcompetence.ca\/en\/wp-json\/wp\/v2\/pages\/35232\/revisions\/70512"}],"wp:attachment":[{"href":"https:\/\/rbqcompetence.ca\/en\/wp-json\/wp\/v2\/media?parent=35232"}],"curies":[{"name":"wp","href":"https:\/\/api.w.org\/{rel}","templated":true}]}}